{"id":13,"date":"2026-04-01T14:48:21","date_gmt":"2026-04-01T12:48:21","guid":{"rendered":"https:\/\/www.beton-plus.pl\/sklep\/?post_type=product&#038;p=13"},"modified":"2026-04-01T14:50:10","modified_gmt":"2026-04-01T12:50:10","slug":"szambo-betonowe-8-000l","status":"publish","type":"product","link":"https:\/\/www.beton-plus.pl\/sklep\/produkt\/szambo-betonowe-8-000l\/","title":{"rendered":"Szambo betonowe 8.000l"},"content":{"rendered":"<p>Szambo betonowe to trwa\u0142y i szczelny zbiornik przeznaczony do gromadzenia \u015bciek\u00f3w w gospodarstwach domowych i obiektach bez dost\u0119pu do kanalizacji. Wykonany z wysokiej jako\u015bci betonu, odporny na uszkodzenia mechaniczne i warunki gruntowe. Sprawdza si\u0119 jako niezawodne rozwi\u0105zanie do d\u0142ugotrwa\u0142ego u\u017cytkowania.<\/p>\n","protected":false},"excerpt":{"rendered":"<p>Szambo betonowe to trwa\u0142y i szczelny zbiornik przeznaczony do gromadzenia \u015bciek\u00f3w w gospodarstwach domowych i obiektach bez dost\u0119pu do kanalizacji. Wykonany z wysokiej jako\u015bci betonu, odporny na uszkodzenia mechaniczne i warunki gruntowe. Sprawdza si\u0119 jako niezawodne rozwi\u0105zanie do d\u0142ugotrwa\u0142ego u\u017cytkowania.<\/p>\n","protected":false},"featured_media":14,"comment_status":"open","ping_status":"closed","template":"","meta":[],"product_brand":[],"product_cat":[16],"product_tag":[],"class_list":{"0":"post-13","1":"product","2":"type-product","3":"status-publish","4":"has-post-thumbnail","6":"product_cat-szamba-betonowe","8":"first","9":"instock","10":"shipping-taxable","11":"product-type-simple"},"_links":{"self":[{"href":"https:\/\/www.beton-plus.pl\/sklep\/wp-json\/wp\/v2\/product\/13","targetHints":{"allow":["GET"]}}],"collection":[{"href":"https:\/\/www.beton-plus.pl\/sklep\/wp-json\/wp\/v2\/product"}],"about":[{"href":"https:\/\/www.beton-plus.pl\/sklep\/wp-json\/wp\/v2\/types\/product"}],"replies":[{"embeddable":true,"href":"https:\/\/www.beton-plus.pl\/sklep\/wp-json\/wp\/v2\/comments?post=13"}],"wp:featuredmedia":[{"embeddable":true,"href":"https:\/\/www.beton-plus.pl\/sklep\/wp-json\/wp\/v2\/media\/14"}],"wp:attachment":[{"href":"https:\/\/www.beton-plus.pl\/sklep\/wp-json\/wp\/v2\/media?parent=13"}],"wp:term":[{"taxonomy":"product_brand","embeddable":true,"href":"https:\/\/www.beton-plus.pl\/sklep\/wp-json\/wp\/v2\/product_brand?post=13"},{"taxonomy":"product_cat","embeddable":true,"href":"https:\/\/www.beton-plus.pl\/sklep\/wp-json\/wp\/v2\/product_cat?post=13"},{"taxonomy":"product_tag","embeddable":true,"href":"https:\/\/www.beton-plus.pl\/sklep\/wp-json\/wp\/v2\/product_tag?post=13"}],"curies":[{"name":"wp","href":"https:\/\/api.w.org\/{rel}","templated":true}]}}